{"id":109,"date":"2024-03-14T19:59:27","date_gmt":"2024-03-14T19:59:27","guid":{"rendered":"https:\/\/pro-talentos.com\/sitio\/?page_id=109"},"modified":"2025-06-03T17:52:50","modified_gmt":"2025-06-03T17:52:50","slug":"daniela-fernandez","status":"publish","type":"page","link":"https:\/\/pro-talentos.com\/sitio\/daniela-fernandez\/","title":{"rendered":"Daniela Fernandez"},"content":{"rendered":"<p><img fetchpriority=\"high\" decoding=\"async\" class=\"wp-image-165 size-medium alignleft\" src=\"https:\/\/i0.wp.com\/pro-talentos.com\/sitio\/wp-content\/uploads\/2024\/03\/daniela.jpeg?resize=300%2C300&#038;ssl=1\" alt=\"\" width=\"300\" height=\"300\" srcset=\"https:\/\/i0.wp.com\/pro-talentos.com\/sitio\/wp-content\/uploads\/2024\/03\/daniela.jpeg?resize=300%2C300&amp;ssl=1 300w, https:\/\/i0.wp.com\/pro-talentos.com\/sitio\/wp-content\/uploads\/2024\/03\/daniela.jpeg?resize=1024%2C1024&amp;ssl=1 1024w, https:\/\/i0.wp.com\/pro-talentos.com\/sitio\/wp-content\/uploads\/2024\/03\/daniela.jpeg?resize=150%2C150&amp;ssl=1 150w, https:\/\/i0.wp.com\/pro-talentos.com\/sitio\/wp-content\/uploads\/2024\/03\/daniela.jpeg?resize=768%2C768&amp;ssl=1 768w, https:\/\/i0.wp.com\/pro-talentos.com\/sitio\/wp-content\/uploads\/2024\/03\/daniela.jpeg?resize=1536%2C1536&amp;ssl=1 1536w, https:\/\/i0.wp.com\/pro-talentos.com\/sitio\/wp-content\/uploads\/2024\/03\/daniela.jpeg?w=1600&amp;ssl=1 1600w\" sizes=\"(max-width: 300px) 100vw, 300px\" data-recalc-dims=\"1\" \/>Daniela Fernandez<br \/>\nFormaci\u00f3n en Administraci\u00f3n Empresas y Contabilidad<br \/>\nAsistente en PRO-TALENTOS desde su incorporaci\u00f3n, integra el equipo de trabajo participando activamente de los procesos de selecci\u00f3n de personal y facilita los procesos administrativos con los clientes.<br \/>\nAcompa\u00f1a en las capacitaciones que brinda la Consultora.<\/p>\n","protected":false},"excerpt":{"rendered":"<p>Daniela Fernandez Formaci\u00f3n en Administraci\u00f3n Empresas y Contabilidad Asistente en PRO-TALENTOS desde su incorporaci\u00f3n, integra el equipo de trabajo par<\/p>\n","protected":false},"author":1,"featured_media":0,"parent":0,"menu_order":0,"comment_status":"closed","ping_status":"closed","template":"about.php","meta":{"footnotes":""},"class_list":["post-109","page","type-page","status-publish","hentry"],"aioseo_notices":[],"jetpack_sharing_enabled":true,"_links":{"self":[{"href":"https:\/\/pro-talentos.com\/sitio\/wp-json\/wp\/v2\/pages\/109","targetHints":{"allow":["GET"]}}],"collection":[{"href":"https:\/\/pro-talentos.com\/sitio\/wp-json\/wp\/v2\/pages"}],"about":[{"href":"https:\/\/pro-talentos.com\/sitio\/wp-json\/wp\/v2\/types\/page"}],"author":[{"embeddable":true,"href":"https:\/\/pro-talentos.com\/sitio\/wp-json\/wp\/v2\/users\/1"}],"replies":[{"embeddable":true,"href":"https:\/\/pro-talentos.com\/sitio\/wp-json\/wp\/v2\/comments?post=109"}],"version-history":[{"count":5,"href":"https:\/\/pro-talentos.com\/sitio\/wp-json\/wp\/v2\/pages\/109\/revisions"}],"predecessor-version":[{"id":166,"href":"https:\/\/pro-talentos.com\/sitio\/wp-json\/wp\/v2\/pages\/109\/revisions\/166"}],"wp:attachment":[{"href":"https:\/\/pro-talentos.com\/sitio\/wp-json\/wp\/v2\/media?parent=109"}],"curies":[{"name":"wp","href":"https:\/\/api.w.org\/{rel}","templated":true}]}}