{"id":40,"date":"2024-03-13T19:02:06","date_gmt":"2024-03-13T19:02:06","guid":{"rendered":"https:\/\/pro-talentos.com\/sitio\/?page_id=40"},"modified":"2024-03-14T14:51:16","modified_gmt":"2024-03-14T14:51:16","slug":"quienes-somos","status":"publish","type":"page","link":"https:\/\/pro-talentos.com\/sitio\/quienes-somos\/","title":{"rendered":"Quienes Somos"},"content":{"rendered":"\r\n<h3>Un equipo de trabajo que se ocupa de conectar personas con las empresas, brindando oportunidades laborales y haciendo que nuestros clientes reciben al mejor candidato\/a.<\/h3>\r\n<h3>\r\n\r\n<\/h3>\r\n<h3>Asi mismo, pretendemos establecer una r\u00e1pida y efectiva gesti\u00f3n integral de los procesos de selecci\u00f3n que sea funcional a los objetivos de cada uno.<\/h3>\r\n\r\n\r\n\r\n\r\n","protected":false},"excerpt":{"rendered":"<p>Un equipo de trabajo que se ocupa de conectar personas con las empresas, brindando oportunidades laborales y haciendo que nuestros clientes reciben al mejo<\/p>\n","protected":false},"author":1,"featured_media":0,"parent":0,"menu_order":0,"comment_status":"closed","ping_status":"closed","template":"about.php","meta":{"footnotes":""},"class_list":["post-40","page","type-page","status-publish","hentry"],"aioseo_notices":[],"jetpack_sharing_enabled":true,"_links":{"self":[{"href":"https:\/\/pro-talentos.com\/sitio\/wp-json\/wp\/v2\/pages\/40","targetHints":{"allow":["GET"]}}],"collection":[{"href":"https:\/\/pro-talentos.com\/sitio\/wp-json\/wp\/v2\/pages"}],"about":[{"href":"https:\/\/pro-talentos.com\/sitio\/wp-json\/wp\/v2\/types\/page"}],"author":[{"embeddable":true,"href":"https:\/\/pro-talentos.com\/sitio\/wp-json\/wp\/v2\/users\/1"}],"replies":[{"embeddable":true,"href":"https:\/\/pro-talentos.com\/sitio\/wp-json\/wp\/v2\/comments?post=40"}],"version-history":[{"count":5,"href":"https:\/\/pro-talentos.com\/sitio\/wp-json\/wp\/v2\/pages\/40\/revisions"}],"predecessor-version":[{"id":95,"href":"https:\/\/pro-talentos.com\/sitio\/wp-json\/wp\/v2\/pages\/40\/revisions\/95"}],"wp:attachment":[{"href":"https:\/\/pro-talentos.com\/sitio\/wp-json\/wp\/v2\/media?parent=40"}],"curies":[{"name":"wp","href":"https:\/\/api.w.org\/{rel}","templated":true}]}}